{"id":57,"date":"2014-09-04T10:22:07","date_gmt":"2014-09-04T09:22:07","guid":{"rendered":"http:\/\/www.attin-mairie.fr\/?page_id=57"},"modified":"2022-10-22T16:28:07","modified_gmt":"2022-10-22T15:28:07","slug":"associations","status":"publish","type":"page","link":"https:\/\/www.attin-mairie.fr\/?page_id=57","title":{"rendered":"Associations"},"content":{"rendered":"<p style=\"text-align: center;\"><em>&nbsp;<strong>Ces associations de b\u00e9n\u00e9voles&nbsp;proposent aux habitants de la commune et de ses environs de nombreux rendez-vous et activit\u00e9s tout au&nbsp;long de l&rsquo;ann\u00e9e.<\/strong><\/em><\/p>\n<hr>\n<h3 style=\"line-height: 1;\" align=\"center\">&nbsp;<em><strong><a href=\"http:\/\/www.attin-mairie.fr\/wp-content\/uploads\/2014\/09\/IMG_0352.jpg\" rel=\"attachment wp-att-866\"><br \/>\n<\/a><\/strong><\/em><em><strong>\u00ab\u00a0La palette attinoise\u00a0\u00bb<\/strong><\/em><\/h3>\n<p style=\"line-height: 1;\" align=\"center\"><em><img fetchpriority=\"high\" decoding=\"async\" class=\"aligncenter size-large wp-image-866\" src=\"http:\/\/www.attin-mairie.fr\/wp-content\/uploads\/2014\/09\/IMG_0352-1024x555.jpg\" alt=\"IMG_0352\" width=\"604\" height=\"327\" srcset=\"https:\/\/www.attin-mairie.fr\/wp-content\/uploads\/2014\/09\/IMG_0352-1024x555.jpg 1024w, https:\/\/www.attin-mairie.fr\/wp-content\/uploads\/2014\/09\/IMG_0352-300x163.jpg 300w, https:\/\/www.attin-mairie.fr\/wp-content\/uploads\/2014\/09\/IMG_0352-768x416.jpg 768w\" sizes=\"(max-width: 604px) 100vw, 604px\" \/><\/em><\/p>\n<p style=\"line-height: 1;\" align=\"center\">&nbsp;<em>12 Rue de l&rsquo;Eglise, 62170 Attin<\/em><\/p>\n<p style=\"line-height: 1;\" align=\"center\"><em>Pr\u00e9sidente: <strong>Mme Hermant<\/strong><\/em><\/p>\n<p style=\"line-height: 1;\" align=\"center\"><em>La Palette attinoise est une association d&rsquo;artistes peintres se situant \u00e0 la Salle Polyvalente d&rsquo;Attin et dont les ateliers se d\u00e9roulent&nbsp;tous les Mercredi de <strong>14H30<\/strong> \u00e0 <strong>17H30<\/strong> (sauf pendant les vacances).<\/em><\/p>\n<p style=\"line-height: 1;\" align=\"center\"><em>Chaque ann\u00e9e, la Palette attinoise organise une exposition pendant la p\u00e9riode de la Toussaint.<\/em><\/p>\n<hr>\n","protected":false},"excerpt":{"rendered":"<p>&nbsp;Ces associations de b\u00e9n\u00e9voles&nbsp;proposent aux habitants de la commune et de ses environs de nombreux rendez-vous et activit\u00e9s tout au&nbsp;long de l&rsquo;ann\u00e9e. &nbsp; \u00ab\u00a0La palette attinoise\u00a0\u00bb &nbsp;12 Rue de l&rsquo;Eglise, 62170 Attin Pr\u00e9sidente: Mme Hermant La Palette attinoise est une association d&rsquo;artistes peintres se situant \u00e0 la Salle Polyvalente d&rsquo;Attin et dont les ateliers se [&hellip;]<\/p>\n","protected":false},"author":1,"featured_media":1212,"parent":40,"menu_order":0,"comment_status":"closed","ping_status":"open","template":"","meta":{"ngg_post_thumbnail":0,"footnotes":""},"class_list":["post-57","page","type-page","status-publish","has-post-thumbnail","hentry"],"_links":{"self":[{"href":"https:\/\/www.attin-mairie.fr\/index.php?rest_route=\/wp\/v2\/pages\/57","targetHints":{"allow":["GET"]}}],"collection":[{"href":"https:\/\/www.attin-mairie.fr\/index.php?rest_route=\/wp\/v2\/pages"}],"about":[{"href":"https:\/\/www.attin-mairie.fr\/index.php?rest_route=\/wp\/v2\/types\/page"}],"author":[{"embeddable":true,"href":"https:\/\/www.attin-mairie.fr\/index.php?rest_route=\/wp\/v2\/users\/1"}],"replies":[{"embeddable":true,"href":"https:\/\/www.attin-mairie.fr\/index.php?rest_route=%2Fwp%2Fv2%2Fcomments&post=57"}],"version-history":[{"count":25,"href":"https:\/\/www.attin-mairie.fr\/index.php?rest_route=\/wp\/v2\/pages\/57\/revisions"}],"predecessor-version":[{"id":3006,"href":"https:\/\/www.attin-mairie.fr\/index.php?rest_route=\/wp\/v2\/pages\/57\/revisions\/3006"}],"up":[{"embeddable":true,"href":"https:\/\/www.attin-mairie.fr\/index.php?rest_route=\/wp\/v2\/pages\/40"}],"wp:featuredmedia":[{"embeddable":true,"href":"https:\/\/www.attin-mairie.fr\/index.php?rest_route=\/wp\/v2\/media\/1212"}],"wp:attachment":[{"href":"https:\/\/www.attin-mairie.fr\/index.php?rest_route=%2Fwp%2Fv2%2Fmedia&parent=57"}],"curies":[{"name":"wp","href":"https:\/\/api.w.org\/{rel}","templated":true}]}}