{"id":40,"date":"2014-09-04T10:17:37","date_gmt":"2014-09-04T09:17:37","guid":{"rendered":"http:\/\/www.attin-mairie.fr\/?page_id=40"},"modified":"2017-04-27T10:41:08","modified_gmt":"2017-04-27T09:41:08","slug":"sports-loisirs","status":"publish","type":"page","link":"https:\/\/www.attin-mairie.fr\/?page_id=40","title":{"rendered":"Sports &#038; Loisirs"},"content":{"rendered":"<h5><b>Allocations sportives<\/b><\/h5>\n<h5 align=\"CENTER\">La municipalit\u00e9 \u00e0 instaur\u00e9 en 2007 une aide financi\u00e8re \u00e0 la pratique sportive, destin\u00e9e aux enfants et adolescents de moins de 18 ans dans l&rsquo;ann\u00e9e civile, sur justificatif de licence d&rsquo;un club sportif affili\u00e9 \u00e0 une f\u00e9d\u00e9ration. Cette allocation est plafonn\u00e9e \u00e0 10 \u20ac par an par enfant, sans toutefois d\u00e9passer le montant acquitt\u00e9 par la famille.<\/h5>\n<h5 align=\"CENTER\">&nbsp;Pour b\u00e9n\u00e9ficier de cette aide, fournir un justificatif de la licence acquit\u00e9e, prix pay\u00e9 par la famille et certifi\u00e9 par le club, la copie du livret de famille, le tout accompagn\u00e9 d&rsquo;un RIB.<\/h5>\n<hr>\n<h5 align=\"CENTER\"><span style=\"text-decoration: underline;\"><strong>Horaires et tarifs de la&nbsp;piscine de la <\/strong><\/span><span style=\"text-decoration: underline;\"><strong>Ca2bm<\/strong><\/span><span style=\"text-decoration: underline;\"><strong>:<\/strong><\/span><\/h5>\n<h5 class=\"horaire_bdd\"><strong>P\u00e9riode scolaire&nbsp;:<\/strong><br \/>\nLundi : 12h &#8211; 14h et 17h &#8211; 19h<br \/>\nMardi : 12h &#8211; 14h et 19h &#8211; 21h<br \/>\nMercredi : 8h &#8211; 9h et 15h15 &#8211; 18h<br \/>\nJeudi : 17h &#8211; 19h<br \/>\nVendredi : 11h30 &#8211; 14h et 16h &#8211; 19h<br \/>\nSamedi : 8h &#8211; 10h<br \/>\nDimanche : 8h &#8211; 12h<\/h5>\n<h5 class=\"horaire_bdd\"><strong>Vacances scolaires (hors vacances d&rsquo;\u00e9t\u00e9)&nbsp;:<\/strong><br \/>\nLundi, jeudi et vendredi : 10h &#8211; 12h et 15h &#8211; 18h<br \/>\nMardi : 10h &#8211; 12h et 15h &#8211; 20h<br \/>\nMercredi : 8h &#8211; 12h et 15h &#8211; 18h<br \/>\nSamedi : 8h &#8211; 11h<br \/>\nDimanche : 8h &#8211; 12h<\/h5>\n<h5 class=\"horaire_bdd\"><strong>Vacances d&rsquo;\u00e9t\u00e9&nbsp;:<\/strong><br \/>\nLundi, mardi et vendredi : 10h &#8211; 12h et 16h &#8211; 19h<br \/>\nMercredi : 8h &#8211; 12h et 15h &#8211; 19h<br \/>\nJeudi : 10h &#8211; 12h et 15h &#8211; 19h<br \/>\nSamedi : 8h &#8211; 12h<br \/>\nDimanche : 9h &#8211; 12h<\/h5>\n<h5 class=\"infos\">&nbsp;<\/h5>\n<div id=\"tarifs\" class=\"infos\">\n<h5>Adulte : 4,50 \u20ac &#8211; abonnement 20 entr\u00e9es : 75 \u20ac<br \/>\nEnfant (de 4 \u00e0 15 ans) : 3 \u20ac &#8211; abonnement 20 entr\u00e9es : 54 \u20ac<br \/>\nEnfant de moins de 4 ans : gratuit<br \/>\nCarte 10 heures enfant\/adulte piscine : 26,50 \u20ac<br \/>\nCarte 20 heures enfant\/adulte piscine : 53 \u20ac<br \/>\nEntr\u00e9e famille (2 adultes et 2 enfants ou 1 adulte et 3 enfants) : 10 \u20ac<\/h5>\n<hr>\n<h5>Liens vers le programme et les tarifs du cin\u00e9ma-th\u00e9\u00e2tre de Montreuil\/mer:<\/h5>\n<h5><a href=\"http:\/\/www.allocine.fr\/seance\/salle_gen_csalle=W6217.html\" target=\"_blank\" rel=\"noopener noreferrer\">http:\/\/www.allocine.fr\/seance\/salle_gen_csalle=W6217.html<\/a><\/h5>\n<\/div>\n","protected":false},"excerpt":{"rendered":"<p>Allocations sportives La municipalit\u00e9 \u00e0 instaur\u00e9 en 2007 une aide financi\u00e8re \u00e0 la pratique sportive, destin\u00e9e aux enfants et adolescents de moins de 18 ans dans l&rsquo;ann\u00e9e civile, sur justificatif de licence d&rsquo;un club sportif affili\u00e9 \u00e0 une f\u00e9d\u00e9ration. Cette allocation est plafonn\u00e9e \u00e0 10 \u20ac par an par enfant, sans toutefois d\u00e9passer le montant [&hellip;]<\/p>\n","protected":false},"author":1,"featured_media":0,"parent":0,"menu_order":0,"comment_status":"closed","ping_status":"open","template":"","meta":{"ngg_post_thumbnail":0,"footnotes":""},"class_list":["post-40","page","type-page","status-publish","hentry"],"_links":{"self":[{"href":"https:\/\/www.attin-mairie.fr\/index.php?rest_route=\/wp\/v2\/pages\/40","targetHints":{"allow":["GET"]}}],"collection":[{"href":"https:\/\/www.attin-mairie.fr\/index.php?rest_route=\/wp\/v2\/pages"}],"about":[{"href":"https:\/\/www.attin-mairie.fr\/index.php?rest_route=\/wp\/v2\/types\/page"}],"author":[{"embeddable":true,"href":"https:\/\/www.attin-mairie.fr\/index.php?rest_route=\/wp\/v2\/users\/1"}],"replies":[{"embeddable":true,"href":"https:\/\/www.attin-mairie.fr\/index.php?rest_route=%2Fwp%2Fv2%2Fcomments&post=40"}],"version-history":[{"count":11,"href":"https:\/\/www.attin-mairie.fr\/index.php?rest_route=\/wp\/v2\/pages\/40\/revisions"}],"predecessor-version":[{"id":1709,"href":"https:\/\/www.attin-mairie.fr\/index.php?rest_route=\/wp\/v2\/pages\/40\/revisions\/1709"}],"wp:attachment":[{"href":"https:\/\/www.attin-mairie.fr\/index.php?rest_route=%2Fwp%2Fv2%2Fmedia&parent=40"}],"curies":[{"name":"wp","href":"https:\/\/api.w.org\/{rel}","templated":true}]}}