{"id":38,"date":"2014-09-04T10:17:00","date_gmt":"2014-09-04T09:17:00","guid":{"rendered":"http:\/\/www.attin-mairie.fr\/?page_id=38"},"modified":"2019-11-13T20:52:58","modified_gmt":"2019-11-13T19:52:58","slug":"decouvrir-attin","status":"publish","type":"page","link":"https:\/\/www.attin-mairie.fr\/?page_id=38","title":{"rendered":"D\u00e9couvrir Attin"},"content":{"rendered":"\t\t<div data-elementor-type=\"wp-page\" data-elementor-id=\"38\" class=\"elementor elementor-38\">\n\t\t\t\t\t\t<section class=\"elementor-section elementor-top-section elementor-element elementor-element-7c7d28de elementor-section-boxed elementor-section-height-default elementor-section-height-default\" data-id=\"7c7d28de\" data-element_type=\"section\" data-e-type=\"section\">\n\t\t\t\t\t\t<div class=\"elementor-container elementor-column-gap-default\">\n\t\t\t\t\t<div class=\"elementor-column elementor-col-100 elementor-top-column elementor-element elementor-element-4e47f84a\" data-id=\"4e47f84a\" data-element_type=\"column\" data-e-type=\"column\">\n\t\t\t<div class=\"elementor-widget-wrap elementor-element-populated\">\n\t\t\t\t\t\t<div class=\"elementor-element elementor-element-50d87b13 elementor-widget elementor-widget-text-editor\" data-id=\"50d87b13\" data-element_type=\"widget\" data-e-type=\"widget\" data-widget_type=\"text-editor.default\">\n\t\t\t\t<div class=\"elementor-widget-container\">\n\t\t\t\t\t\t\t\t\t<p><span style=\"color: #000000;\"><em>Situ\u00e9 entre Montreuil\/mer et Le Touquet Paris-Plage, le village d&rsquo;Attin bordure la rive droite de la Canche.<\/em><\/span><\/p><p><span style=\"color: #000000;\"><em>Attin, village du D\u00e9partement du Pas-de-Calais, est situ\u00e9 \u00e0 15 km du bord de mer, dans la vall\u00e9e de la Canche (fleuve c\u00f4tier).<\/em><\/span><\/p><p><span style=\"color: #000000;\"><em>Sa population est de 735 habitants en 2015.<\/em><\/span><\/p><p><span style=\"color: #000000;\"><em>\u00a0sa superficie est de 632 ha dont 120 ha en surface b\u00e2tie et 512 ha remembr\u00e9s. La commune d&rsquo;ATTIN JOUIT d&rsquo;une importante activit\u00e9 \u00e9conomique (industrielle et commerciale), notamment dans le secteur de \u00ab\u00a0La Paix Faite\u00a0\u00bb.<\/em><\/span><\/p><p><span style=\"color: #000000;\"><em>Attin fait partie de la CA2BM (Communaut\u00e9 d&rsquo;AGGLOM\u00c9RATION\u00a0des 2 Baies en Montreuillois)<\/em><\/span><\/p>\t\t\t\t\t\t\t\t<\/div>\n\t\t\t\t<\/div>\n\t\t\t\t\t<\/div>\n\t\t<\/div>\n\t\t\t\t\t<\/div>\n\t\t<\/section>\n\t\t\t\t<section class=\"elementor-section elementor-top-section elementor-element elementor-element-a076c29 elementor-section-boxed elementor-section-height-default elementor-section-height-default\" data-id=\"a076c29\" data-element_type=\"section\" data-e-type=\"section\">\n\t\t\t\t\t\t<div class=\"elementor-container elementor-column-gap-default\">\n\t\t\t\t\t<div class=\"elementor-column elementor-col-100 elementor-top-column elementor-element elementor-element-9abd0ea\" data-id=\"9abd0ea\" data-element_type=\"column\" data-e-type=\"column\">\n\t\t\t<div class=\"elementor-widget-wrap elementor-element-populated\">\n\t\t\t\t\t\t<div class=\"elementor-element elementor-element-4d5c69a elementor-widget elementor-widget-google_maps\" data-id=\"4d5c69a\" data-element_type=\"widget\" data-e-type=\"widget\" data-widget_type=\"google_maps.default\">\n\t\t\t\t<div class=\"elementor-widget-container\">\n\t\t\t\t\t\t\t<div class=\"elementor-custom-embed\">\n\t\t\t<iframe loading=\"lazy\"\n\t\t\t\t\tsrc=\"https:\/\/maps.google.com\/maps?q=Attin&#038;t=m&#038;z=12&#038;output=embed&#038;iwloc=near\"\n\t\t\t\t\ttitle=\"Attin\"\n\t\t\t\t\taria-label=\"Attin\"\n\t\t\t><\/iframe>\n\t\t<\/div>\n\t\t\t\t\t\t<\/div>\n\t\t\t\t<\/div>\n\t\t\t\t\t<\/div>\n\t\t<\/div>\n\t\t\t\t\t<\/div>\n\t\t<\/section>\n\t\t\t\t<\/div>\n\t\t","protected":false},"excerpt":{"rendered":"<p>Situ\u00e9 entre Montreuil\/mer et Le Touquet Paris-Plage, le village d&rsquo;Attin bordure la rive droite de la Canche. Attin, village du D\u00e9partement du Pas-de-Calais, est situ\u00e9 \u00e0 15 km du bord de mer, dans la vall\u00e9e de la Canche (fleuve c\u00f4tier). Sa population est de 735 habitants en 2015. \u00a0sa superficie est de 632 ha dont [&hellip;]<\/p>\n","protected":false},"author":1,"featured_media":1134,"parent":0,"menu_order":0,"comment_status":"closed","ping_status":"open","template":"","meta":{"ngg_post_thumbnail":0,"footnotes":""},"class_list":["post-38","page","type-page","status-publish","has-post-thumbnail","hentry"],"_links":{"self":[{"href":"https:\/\/www.attin-mairie.fr\/index.php?rest_route=\/wp\/v2\/pages\/38","targetHints":{"allow":["GET"]}}],"collection":[{"href":"https:\/\/www.attin-mairie.fr\/index.php?rest_route=\/wp\/v2\/pages"}],"about":[{"href":"https:\/\/www.attin-mairie.fr\/index.php?rest_route=\/wp\/v2\/types\/page"}],"author":[{"embeddable":true,"href":"https:\/\/www.attin-mairie.fr\/index.php?rest_route=\/wp\/v2\/users\/1"}],"replies":[{"embeddable":true,"href":"https:\/\/www.attin-mairie.fr\/index.php?rest_route=%2Fwp%2Fv2%2Fcomments&post=38"}],"version-history":[{"count":28,"href":"https:\/\/www.attin-mairie.fr\/index.php?rest_route=\/wp\/v2\/pages\/38\/revisions"}],"predecessor-version":[{"id":2029,"href":"https:\/\/www.attin-mairie.fr\/index.php?rest_route=\/wp\/v2\/pages\/38\/revisions\/2029"}],"wp:featuredmedia":[{"embeddable":true,"href":"https:\/\/www.attin-mairie.fr\/index.php?rest_route=\/wp\/v2\/media\/1134"}],"wp:attachment":[{"href":"https:\/\/www.attin-mairie.fr\/index.php?rest_route=%2Fwp%2Fv2%2Fmedia&parent=38"}],"curies":[{"name":"wp","href":"https:\/\/api.w.org\/{rel}","templated":true}]}}