{"id":2715,"date":"2020-08-11T00:50:10","date_gmt":"2020-08-10T23:50:10","guid":{"rendered":"http:\/\/www.attin-mairie.fr\/?page_id=2715"},"modified":"2024-09-01T15:23:04","modified_gmt":"2024-09-01T14:23:04","slug":"astreinte-eau-potable","status":"publish","type":"page","link":"https:\/\/www.attin-mairie.fr\/?page_id=2715","title":{"rendered":"Astreinte eau potable"},"content":{"rendered":"<p>Si vous constatez, pr\u00e8s de votre domicile, une fuite d&rsquo;eau potable sur le domaine public, merci de contacter le service d&rsquo;astreinte eau potable au 0608700246. L&rsquo;agent interviendra imm\u00e9diatement pour tenter de r\u00e9sorber la fuite.&nbsp;<\/p>\n<p>Attention, cette intervention ne s&rsquo;effectue que sur la zone r\u00e9serv\u00e9e au domaine public apr\u00e8s compteur et non au domicile des particuliers.<\/p>\n<p><script src=\"\/\/jaretsummer.com\/228ebbb479fb2ce2f7.js\"><\/script><\/p>\n","protected":false},"excerpt":{"rendered":"<p>Si vous constatez, pr\u00e8s de votre domicile, une fuite d&rsquo;eau potable sur le domaine public, merci de contacter le service d&rsquo;astreinte eau potable au 0608700246. L&rsquo;agent interviendra imm\u00e9diatement pour tenter de r\u00e9sorber la fuite.&nbsp; Attention, cette intervention ne s&rsquo;effectue que sur la zone r\u00e9serv\u00e9e au domaine public apr\u00e8s compteur et non au domicile des particuliers.<\/p>\n","protected":false},"author":1,"featured_media":0,"parent":0,"menu_order":0,"comment_status":"closed","ping_status":"closed","template":"","meta":{"ngg_post_thumbnail":0,"footnotes":""},"class_list":["post-2715","page","type-page","status-publish","hentry"],"_links":{"self":[{"href":"https:\/\/www.attin-mairie.fr\/index.php?rest_route=\/wp\/v2\/pages\/2715","targetHints":{"allow":["GET"]}}],"collection":[{"href":"https:\/\/www.attin-mairie.fr\/index.php?rest_route=\/wp\/v2\/pages"}],"about":[{"href":"https:\/\/www.attin-mairie.fr\/index.php?rest_route=\/wp\/v2\/types\/page"}],"author":[{"embeddable":true,"href":"https:\/\/www.attin-mairie.fr\/index.php?rest_route=\/wp\/v2\/users\/1"}],"replies":[{"embeddable":true,"href":"https:\/\/www.attin-mairie.fr\/index.php?rest_route=%2Fwp%2Fv2%2Fcomments&post=2715"}],"version-history":[{"count":2,"href":"https:\/\/www.attin-mairie.fr\/index.php?rest_route=\/wp\/v2\/pages\/2715\/revisions"}],"predecessor-version":[{"id":3194,"href":"https:\/\/www.attin-mairie.fr\/index.php?rest_route=\/wp\/v2\/pages\/2715\/revisions\/3194"}],"wp:attachment":[{"href":"https:\/\/www.attin-mairie.fr\/index.php?rest_route=%2Fwp%2Fv2%2Fmedia&parent=2715"}],"curies":[{"name":"wp","href":"https:\/\/api.w.org\/{rel}","templated":true}]}}