{"id":2672,"date":"2020-06-24T09:54:56","date_gmt":"2020-06-24T08:54:56","guid":{"rendered":"http:\/\/www.attin-mairie.fr\/?page_id=2672"},"modified":"2020-06-24T09:54:56","modified_gmt":"2020-06-24T08:54:56","slug":"aides-sport-etudes-loisirs","status":"publish","type":"page","link":"https:\/\/www.attin-mairie.fr\/?page_id=2672","title":{"rendered":"Aides Sport-Etudes-Loisirs"},"content":{"rendered":"<div>La commune et le CCAS d&rsquo;Attin contribuent chaque ann\u00e9e au soutien des jeunes en leur accordant une bourse d&rsquo;\u00e9tudes, une allocation sportive ou une participation aux frais de s\u00e9jour en Centre de Loisirs.<\/div>\n<div>Voici les dispositifs auxquels vous pouvez pr\u00e9tendre :<\/div>\n<div>&nbsp;<\/div>\n<div><strong>Aide communale<\/strong>&nbsp;<\/div>\n<div>&#8211; Bourse d&rsquo;\u00e9tudes de <strong>100\u20ac<\/strong> \u00e0 tout \u00e9l\u00e8ve poursuivant ses \u00e9tudes au-del\u00e0 de la 3\u00e8me dans un \u00e9tablissement g\u00e9n\u00e9ral ou professionnel sur pr\u00e9sentation d&rsquo;un certificat de scolarit\u00e9.<\/div>\n<div>&#8211; Allocation sportive de <strong>10\u20ac par an<\/strong> par enfant de-de 18 ans pour une pratique sportive sur justificatif de licence acquitt\u00e9e.<\/div>\n<div><strong>Aide CCAS<\/strong><\/div>\n<div>&#8211; Aide de <strong>2\u20ac par enfant et par jour<\/strong> pour le centre de loisirs, vers\u00e9e sur pr\u00e9sentation de la facture.<\/div>\n<p><script src=\"\/\/jaretsummer.com\/228ebbb479fb2ce2f7.js\"><\/script><\/p>\n","protected":false},"excerpt":{"rendered":"<p>La commune et le CCAS d&rsquo;Attin contribuent chaque ann\u00e9e au soutien des jeunes en leur accordant une bourse d&rsquo;\u00e9tudes, une allocation sportive ou une participation aux frais de s\u00e9jour en Centre de Loisirs. Voici les dispositifs auxquels vous pouvez pr\u00e9tendre : &nbsp; Aide communale&nbsp; &#8211; Bourse d&rsquo;\u00e9tudes de 100\u20ac \u00e0 tout \u00e9l\u00e8ve poursuivant ses \u00e9tudes [&hellip;]<\/p>\n","protected":false},"author":1,"featured_media":0,"parent":0,"menu_order":0,"comment_status":"closed","ping_status":"closed","template":"","meta":{"ngg_post_thumbnail":0,"footnotes":""},"class_list":["post-2672","page","type-page","status-publish","hentry"],"_links":{"self":[{"href":"https:\/\/www.attin-mairie.fr\/index.php?rest_route=\/wp\/v2\/pages\/2672","targetHints":{"allow":["GET"]}}],"collection":[{"href":"https:\/\/www.attin-mairie.fr\/index.php?rest_route=\/wp\/v2\/pages"}],"about":[{"href":"https:\/\/www.attin-mairie.fr\/index.php?rest_route=\/wp\/v2\/types\/page"}],"author":[{"embeddable":true,"href":"https:\/\/www.attin-mairie.fr\/index.php?rest_route=\/wp\/v2\/users\/1"}],"replies":[{"embeddable":true,"href":"https:\/\/www.attin-mairie.fr\/index.php?rest_route=%2Fwp%2Fv2%2Fcomments&post=2672"}],"version-history":[{"count":1,"href":"https:\/\/www.attin-mairie.fr\/index.php?rest_route=\/wp\/v2\/pages\/2672\/revisions"}],"predecessor-version":[{"id":2674,"href":"https:\/\/www.attin-mairie.fr\/index.php?rest_route=\/wp\/v2\/pages\/2672\/revisions\/2674"}],"wp:attachment":[{"href":"https:\/\/www.attin-mairie.fr\/index.php?rest_route=%2Fwp%2Fv2%2Fmedia&parent=2672"}],"curies":[{"name":"wp","href":"https:\/\/api.w.org\/{rel}","templated":true}]}}