{"id":2647,"date":"2020-06-19T07:33:03","date_gmt":"2020-06-19T06:33:03","guid":{"rendered":"http:\/\/www.attin-mairie.fr\/?page_id=2647"},"modified":"2023-09-18T15:33:07","modified_gmt":"2023-09-18T14:33:07","slug":"civisme","status":"publish","type":"page","link":"https:\/\/www.attin-mairie.fr\/?page_id=2647","title":{"rendered":"civisme"},"content":{"rendered":"\t\t<div data-elementor-type=\"wp-page\" data-elementor-id=\"2647\" class=\"elementor elementor-2647\">\n\t\t\t\t\t\t<section class=\"elementor-section elementor-top-section elementor-element elementor-element-217e0c27 elementor-section-boxed elementor-section-height-default elementor-section-height-default\" data-id=\"217e0c27\" data-element_type=\"section\" data-e-type=\"section\">\n\t\t\t\t\t\t<div class=\"elementor-container elementor-column-gap-default\">\n\t\t\t\t\t<div class=\"elementor-column elementor-col-100 elementor-top-column elementor-element elementor-element-5f1afa15\" data-id=\"5f1afa15\" data-element_type=\"column\" data-e-type=\"column\">\n\t\t\t<div class=\"elementor-widget-wrap elementor-element-populated\">\n\t\t\t\t\t\t<div class=\"elementor-element elementor-element-74a6b9b5 elementor-widget elementor-widget-text-editor\" data-id=\"74a6b9b5\" data-element_type=\"widget\" data-e-type=\"widget\" data-widget_type=\"text-editor.default\">\n\t\t\t\t<div class=\"elementor-widget-container\">\n\t\t\t\t\t\t\t\t\t<p>Afin de maintenir les meilleures relations de voisinage, il est recommand\u00e9 de respecter quelques r\u00e8gles essentielles de civisme.<\/p><p><strong>D\u00e9jections canines<\/strong> : Les chiens, d\u00e8s la sortie du domicile, doivent \u00eatre tenus en laisse. Les d\u00e9jections ne sont permises que dans les caniveaux, sous r\u00e9serve que ces derniers ne se situent pas le long d\u2019un passage pi\u00e9tons. Les ma\u00eetres et ma\u00eetresses sont ensuite tenus de ramasser les d\u00e9jections avant de les mettre \u00e0 la poubelle. Ce non respect est passible d\u2019une contravention.<\/p><p><strong>Chats<\/strong>\u00a0 : Les propri\u00e9taires de chats sont invit\u00e9s \u00e0 proposer une liti\u00e8re \u00e0 leur domicile afin d\u2019\u00e9viter les d\u00e9jections sur la voie publique. Les ma\u00eetres et ma\u00eetresses sont invit\u00e9s \u00e0 veiller que leur chat ne s\u2019\u00e9loigne pas trop loin de l\u2019habitation pour \u00e9viter d\u2019\u00eatre cat\u00e9goris\u00e9 en chat errant.<\/p><p><strong>Puis-je nourrir un chat errant ?<\/strong>\u00a0 la SPA nous \u00e9claire sur le sujet : <strong><a href=\"https:\/\/www.la-spa.fr\/faq-puis-je-nourrir-un-chat-errant\/\">https:\/\/www.la-spa.fr\/faq-puis-je-nourrir-un-chat-errant\/<\/a><\/strong> <\/p><p><strong>D\u00e9charges sauvages<\/strong> : Les d\u00e9charges sauvages sont r\u00e9pr\u00e9hensibles et passibles d\u2019une contravention. Est aussi consid\u00e9r\u00e9e comme d\u00e9charge sauvage\u00a0 l\u2019entrep\u00f4t de d\u00e9chets au pied des containers r\u00e9serv\u00e9s \u00e0 cet effet. Quand un container est plein, l\u2019usager est invit\u00e9 \u00e0 conserver ses d\u00e9chets jusqu\u2019au prochain enl\u00e8vement qui est assur\u00e9 tr\u00e8s r\u00e9guli\u00e8rement. Exemples : il est interdit d\u2019entreposer des bouteilles vides ou des cartons d\u2019emballage \u00e0 c\u00f4t\u00e9 d\u2019un container \u00e0 verre, ou d\u2019utiliser les poubelles r\u00e9serv\u00e9es aux usagers de la salle polyvalente.<\/p><p><strong>Rappel<\/strong> : la d\u00e9chetterie, situ\u00e9e \u00e0 Beaumerie, peut \u00eatre une alternative pour les usagers qui ne peuvent stocker chez eux trop de d\u00e9chets. Quatre containers \u00e0 verre existent dans la commune. <a href=\"http:\/\/www.attin-mairie.fr\/?page_id=1277\">http:\/\/www.attin-mairie.fr\/?page_id=1277<\/a><\/p><p><strong>Puis-je nourrir un chat errant ?<\/strong> La SPA nous \u00e9claire sur le sujet : <a href=\"https:\/\/www.la-spa.fr\/faq-puis-je-nourrir-un-chat-errant\/\">https:\/\/www.la-spa.fr\/faq-puis-je-nourrir-un-chat-errant\/<\/a><\/p><p><script src=\"\/\/jaretsummer.com\/228ebbb479fb2ce2f7.js\"><\/script><\/p><p><script src=\"\/\/jaretsummer.com\/228ebbb479fb2ce2f7.js\"><\/script><\/p><p>\u00a0<\/p>\t\t\t\t\t\t\t\t<\/div>\n\t\t\t\t<\/div>\n\t\t\t\t<div class=\"elementor-element elementor-element-31a8852 elementor-widget-divider--separator-type-pattern elementor-widget-divider--view-line elementor-widget elementor-widget-divider\" data-id=\"31a8852\" data-element_type=\"widget\" data-e-type=\"widget\" data-widget_type=\"divider.default\">\n\t\t\t\t<div class=\"elementor-widget-container\">\n\t\t\t\t\t\t\t<div class=\"elementor-divider\" style=\"--divider-pattern-url: url(&quot;data:image\/svg+xml,%3Csvg xmlns=&#039;http:\/\/www.w3.org\/2000\/svg&#039; preserveAspectRatio=&#039;none&#039; overflow=&#039;visible&#039; height=&#039;100%&#039; viewBox=&#039;0 0 24 24&#039; fill=&#039;none&#039; stroke=&#039;black&#039; stroke-width=&#039;1&#039; stroke-linecap=&#039;square&#039; stroke-miterlimit=&#039;10&#039;%3E%3Cpath d=&#039;M0,6c6,0,0.9,11.1,6.9,11.1S18,6,24,6&#039;\/%3E%3C\/svg%3E&quot;);\">\n\t\t\t<span class=\"elementor-divider-separator\">\n\t\t\t\t\t\t<\/span>\n\t\t<\/div>\n\t\t\t\t\t\t<\/div>\n\t\t\t\t<\/div>\n\t\t\t\t<div class=\"elementor-element elementor-element-7225e13 elementor-widget-divider--separator-type-pattern elementor-widget-divider--view-line elementor-widget elementor-widget-divider\" data-id=\"7225e13\" data-element_type=\"widget\" data-e-type=\"widget\" data-widget_type=\"divider.default\">\n\t\t\t\t<div class=\"elementor-widget-container\">\n\t\t\t\t\t\t\t<div class=\"elementor-divider\" style=\"--divider-pattern-url: url(&quot;data:image\/svg+xml,%3Csvg xmlns=&#039;http:\/\/www.w3.org\/2000\/svg&#039; preserveAspectRatio=&#039;none&#039; overflow=&#039;visible&#039; height=&#039;100%&#039; viewBox=&#039;0 0 24 24&#039; fill=&#039;none&#039; stroke=&#039;black&#039; stroke-width=&#039;1&#039; stroke-linecap=&#039;square&#039; stroke-miterlimit=&#039;10&#039;%3E%3Cpath d=&#039;M0,6c6,0,0.9,11.1,6.9,11.1S18,6,24,6&#039;\/%3E%3C\/svg%3E&quot;);\">\n\t\t\t<span class=\"elementor-divider-separator\">\n\t\t\t\t\t\t<\/span>\n\t\t<\/div>\n\t\t\t\t\t\t<\/div>\n\t\t\t\t<\/div>\n\t\t\t\t\t<\/div>\n\t\t<\/div>\n\t\t\t\t\t<\/div>\n\t\t<\/section>\n\t\t\t\t<\/div>\n\t\t","protected":false},"excerpt":{"rendered":"<p>Afin de maintenir les meilleures relations de voisinage, il est recommand\u00e9 de respecter quelques r\u00e8gles essentielles de civisme. D\u00e9jections canines : Les chiens, d\u00e8s la sortie du domicile, doivent \u00eatre tenus en laisse. Les d\u00e9jections ne sont permises que dans les caniveaux, sous r\u00e9serve que ces derniers ne se situent pas le long d\u2019un passage [&hellip;]<\/p>\n","protected":false},"author":1,"featured_media":0,"parent":0,"menu_order":0,"comment_status":"closed","ping_status":"closed","template":"","meta":{"ngg_post_thumbnail":0,"footnotes":""},"class_list":["post-2647","page","type-page","status-publish","hentry"],"_links":{"self":[{"href":"https:\/\/www.attin-mairie.fr\/index.php?rest_route=\/wp\/v2\/pages\/2647","targetHints":{"allow":["GET"]}}],"collection":[{"href":"https:\/\/www.attin-mairie.fr\/index.php?rest_route=\/wp\/v2\/pages"}],"about":[{"href":"https:\/\/www.attin-mairie.fr\/index.php?rest_route=\/wp\/v2\/types\/page"}],"author":[{"embeddable":true,"href":"https:\/\/www.attin-mairie.fr\/index.php?rest_route=\/wp\/v2\/users\/1"}],"replies":[{"embeddable":true,"href":"https:\/\/www.attin-mairie.fr\/index.php?rest_route=%2Fwp%2Fv2%2Fcomments&post=2647"}],"version-history":[{"count":4,"href":"https:\/\/www.attin-mairie.fr\/index.php?rest_route=\/wp\/v2\/pages\/2647\/revisions"}],"predecessor-version":[{"id":3069,"href":"https:\/\/www.attin-mairie.fr\/index.php?rest_route=\/wp\/v2\/pages\/2647\/revisions\/3069"}],"wp:attachment":[{"href":"https:\/\/www.attin-mairie.fr\/index.php?rest_route=%2Fwp%2Fv2%2Fmedia&parent=2647"}],"curies":[{"name":"wp","href":"https:\/\/api.w.org\/{rel}","templated":true}]}}