{"id":2549,"date":"2020-05-23T15:14:41","date_gmt":"2020-05-23T14:14:41","guid":{"rendered":"http:\/\/www.attin-mairie.fr\/?page_id=2549"},"modified":"2026-05-04T16:27:47","modified_gmt":"2026-05-04T15:27:47","slug":"elus-2020","status":"publish","type":"page","link":"https:\/\/www.attin-mairie.fr\/?page_id=2549","title":{"rendered":"Elus 2026"},"content":{"rendered":"<ul>\n<li><strong>Dominique Dachicourt<\/strong> : Maire<\/li>\n<li><strong>Simon Sarazin<\/strong> : Premier Adjoint, Charg\u00e9 de la citoyennet\u00e9 et de la communication<\/li>\n<li><strong>Laurie Guyot<\/strong> : Deuxi\u00e8me Adjointe, Charg\u00e9e des Affaires Sociales et du Logement<\/li>\n<li><strong>Serge Guerville<\/strong> : Troisi\u00e8me Adjoint, Charg\u00e9 des Travaux<\/li>\n<li><strong>C\u00e9line Van Doorslaer<\/strong><\/li>\n<li><strong>C\u00e9line Dumont<\/strong><\/li>\n<li><strong>Bruno Gambart<\/strong><\/li>\n<li><strong>Sylvie Holleville<\/strong><\/li>\n<li><strong>David Vergnier<\/strong><\/li>\n<li><strong>D\u00e9borah Cadart<\/strong><\/li>\n<li><strong>Dominique Sentune<\/strong><\/li>\n<li><strong>Christian RAYMOND<\/strong><\/li>\n<li><strong>Elodie BEAUGEOIS<\/strong><\/li>\n<li><strong>Maurice MOREL<\/strong><\/li>\n<li><strong>Pascal Lamour<\/strong><\/li>\n<\/ul>\n","protected":false},"excerpt":{"rendered":"<p>Dominique Dachicourt : Maire Simon Sarazin : Premier Adjoint, Charg\u00e9 de la citoyennet\u00e9 et de la communication Laurie Guyot : Deuxi\u00e8me Adjointe, Charg\u00e9e des Affaires Sociales et du Logement Serge Guerville : Troisi\u00e8me Adjoint, Charg\u00e9 des Travaux C\u00e9line Van Doorslaer C\u00e9line Dumont Bruno Gambart Sylvie Holleville David Vergnier D\u00e9borah Cadart Dominique Sentune Christian RAYMOND Elodie [&hellip;]<\/p>\n","protected":false},"author":1,"featured_media":0,"parent":36,"menu_order":3,"comment_status":"closed","ping_status":"closed","template":"","meta":{"ngg_post_thumbnail":0,"footnotes":""},"class_list":["post-2549","page","type-page","status-publish","hentry"],"_links":{"self":[{"href":"https:\/\/www.attin-mairie.fr\/index.php?rest_route=\/wp\/v2\/pages\/2549","targetHints":{"allow":["GET"]}}],"collection":[{"href":"https:\/\/www.attin-mairie.fr\/index.php?rest_route=\/wp\/v2\/pages"}],"about":[{"href":"https:\/\/www.attin-mairie.fr\/index.php?rest_route=\/wp\/v2\/types\/page"}],"author":[{"embeddable":true,"href":"https:\/\/www.attin-mairie.fr\/index.php?rest_route=\/wp\/v2\/users\/1"}],"replies":[{"embeddable":true,"href":"https:\/\/www.attin-mairie.fr\/index.php?rest_route=%2Fwp%2Fv2%2Fcomments&post=2549"}],"version-history":[{"count":8,"href":"https:\/\/www.attin-mairie.fr\/index.php?rest_route=\/wp\/v2\/pages\/2549\/revisions"}],"predecessor-version":[{"id":3241,"href":"https:\/\/www.attin-mairie.fr\/index.php?rest_route=\/wp\/v2\/pages\/2549\/revisions\/3241"}],"up":[{"embeddable":true,"href":"https:\/\/www.attin-mairie.fr\/index.php?rest_route=\/wp\/v2\/pages\/36"}],"wp:attachment":[{"href":"https:\/\/www.attin-mairie.fr\/index.php?rest_route=%2Fwp%2Fv2%2Fmedia&parent=2549"}],"curies":[{"name":"wp","href":"https:\/\/api.w.org\/{rel}","templated":true}]}}