{"id":1483,"date":"2017-03-23T16:59:49","date_gmt":"2017-03-23T15:59:49","guid":{"rendered":"http:\/\/www.attin-mairie.fr\/?page_id=1483"},"modified":"2019-11-15T17:13:37","modified_gmt":"2019-11-15T16:13:37","slug":"carte-didentite-et-passeport","status":"publish","type":"page","link":"https:\/\/www.attin-mairie.fr\/?page_id=1483","title":{"rendered":"Carte d&rsquo;identit\u00e9 et passeport"},"content":{"rendered":"<p><em>Se renseigner en mairie de Montreuil-sur-mer ou cr\u00e9er votre dossier en ligne avec possibilit\u00e9 d&rsquo;acheter directement les timbres fiscaux :<\/em><\/p>\n<p><span style=\"font-size: 20px;\"><em style=\"font-size: 20px;\">PR\u00c9-DEMANDE DE CNI FAITES UN<\/em><strong><em style=\"font-size: 20px;\"><a href=\"https:\/\/passeport.ants.gouv.fr\/services-associes\/realiser-une-pre-demande-de-carte-nationale-d-identite-cni\"> CLIC ICI<\/a> :&nbsp;<\/em><\/strong><\/span><\/p>\n<p><span style=\"font-size: 20px;\"><em style=\"font-size: 20px;\">PR\u00c9-DEMANDE DE PASSEPORT FAITES UN<\/em><strong><em style=\"font-size: 20px;\"><a href=\"https:\/\/passeport.ants.gouv.fr\/services-associes\/realiser-une-pre-demande-de-passeport\"> CLIC ICI<\/a> :&nbsp;<\/em><\/strong><\/span><\/p>\n<p><i style=\"font-family: inherit;\">(ne pas oublier d&rsquo;imprimer ce dossier ou de noter la r\u00e9f\u00e9rence qui vous sera demand\u00e9e lors de votre rendez-vous en mairie)<\/i><\/p>\n<p><strong><em>EN CAS DE PERTE DE LA CARTE D&rsquo;IDENTIT\u00c9 : <\/em><\/strong><\/p>\n<p><em><strong>25\u20ac<\/strong>&nbsp;<\/em><i>en timbres fiscaux (disponibles en tr\u00e9sorerie et d\u00e9bits de tabac), ou achat de timbres d\u00e9mat\u00e9rialis\u00e9s sur le site en cliquant <strong><a href=\"https:\/\/timbres.impots.gouv.fr\">ICI<\/a><\/strong>.&nbsp;&nbsp;<\/i><\/p>\n<p><em>&nbsp;<\/em><\/p>\n<hr>\n<h5><em>TARIFS DU PASSEPORT:<\/em><\/h5>\n<ul>\n<li><em><strong>86\u20ac<\/strong>&nbsp;<\/em><i>en timbres fiscaux pour les personnes majeures<\/i><\/li>\n<li><em><strong>42\u20ac<\/strong>&nbsp;<\/em><i>en timbres fiscaux pour les enfants mineurs entre 15 et 18 ans<\/i><\/li>\n<li><em><strong>17\u20ac<\/strong>&nbsp;<\/em><i>en timbres fiscaux pour les moins de 15 ans<\/i><\/li>\n<\/ul>\n<p><i>il faut obligatoirement t\u00e9l\u00e9phoner \u00e0 la mairie de montreuil\/mer afin de prendre rendez-vous pour faire une demande de cni ou de passeport ainsi que pour leur retrait.<\/i><\/p>\n<p><em style=\"font-size: 20px;\">OUVERTURE:<\/em> <strong style=\"font-size: 20px;\">D<em>u lundi au vendredi entre 9h00 et 10h30 et entre 15h00 et 16h45<\/em><\/strong><\/p>\n<p><em>T\u00c9L\u00c9PHONE:<strong> 03.21.06.01.33<\/strong><\/em><\/p>\n<p style=\"text-align: center;\"><em>(<span style=\"color: #ff0000;\"><strong>S<\/strong><\/span><b><span style=\"color: #ff0000;\">i le dossier est incomplet le jour du rendez-vous, celui-ci ne pourra \u00eatre enregistr\u00e9 et il faudra fixer un autre rendez-vous.<\/span>)<\/b><\/em><\/p>\n<h5><em>PI\u00c8CES \u00c0 FOURNIR:<\/em><\/h5>\n<p><em>remplir \u00e0 l&rsquo;encre noire et en lettres capitales, en indiquant bien l&rsquo;\u00e9tat civil du demandeur et de ses parents (ne pas oublier de noter tous les pr\u00e9noms dans l&rsquo;ordre).<\/em><\/p>\n<table style=\"font-family: 'PT Serif', Georgia, Times, serif; font-size: 20px;\">\n<tbody>\n<tr>\n<td width=\"302\">\n<h5><em><strong>CNI<\/strong><\/em><\/h5>\n<\/td>\n<td width=\"302\">\n<h5><em><strong>PASSEPORT<\/strong><\/em><\/h5>\n<\/td>\n<\/tr>\n<tr>\n<td width=\"302\"><em><strong>EN CAS DE RENOUVELLEMENT OU DE PERTE&nbsp;:<\/strong><\/em><\/p>\n<p><em><strong>&nbsp;&#8211;&nbsp;<\/strong>ancienne cni ou d\u00e9claration de perte<\/em><\/p>\n<p>&nbsp;<\/td>\n<td width=\"302\"><em><strong>EN CAS DE RENOUVELLEMENT OU DE PERTE&nbsp;:&nbsp;<\/strong><\/em><\/p>\n<p><em>&#8211; ancien passeport (+ photocopie des 2 pages principales) ou la d\u00e9claration de perte<\/em><\/td>\n<\/tr>\n<tr>\n<td width=\"302\"><em>Si vous n&rsquo;avez plus de photocopie de la carte d&rsquo;identit\u00e9, la photocopie d&rsquo;un document sur lequel figure obligatoirement votre \u00e9tat civil et votre photo (passeport ou permis de conduire) + pr\u00e9sentation de l&rsquo;original.&nbsp;<\/em><\/td>\n<td width=\"302\"><em>Si vous n&rsquo;avez plus de photocopie de la carte d&rsquo;identit\u00e9, la photocopie d&rsquo;un document sur lequel figure obligatoirement votre \u00e9tat civil et votre photo (passeport ou permis de conduire) + pr\u00e9sentation de l&rsquo;original.<\/em><\/td>\n<\/tr>\n<tr>\n<td width=\"302\"><i>si vous n\u2019avez pas de carte d\u2019identit\u00e9 en cours de validit\u00e9 ou que celle-ci n\u2019est plus valide depuis plus de 5 ans, ou si vous ne connaissez pas l\u2019\u00e9tat civil de vos parents, vous devez fournir un acte de naissance (dat\u00e9 de moins de 3 mois)<\/i><\/p>\n<p><em>Sauf si votre commune de naissance fait partie du service COMEDEC, pour v\u00e9rifier utiliser le lien suivant :<\/em><\/td>\n<td width=\"302\"><i>si vous n\u2019avez pas de carte d\u2019identit\u00e9 en cours de validit\u00e9 ou que celle-ci n\u2019est plus valide depuis plus de 5 ans, ou si vous ne connaissez pas l\u2019\u00e9tat civil de vos parents, vous devez fournir un acte de naissance (dat\u00e9 de moins de 3 mois)<\/i><\/p>\n<p><em>Sauf si votre commune de naissance fait partie du service COMEDEC, pour v\u00e9rifier utiliser le lien suivant :<\/em><\/td>\n<\/tr>\n<tr>\n<td width=\"302\"><em><strong>PHOTOCOPIE DU LIVRET DE FAMILLE&nbsp;:<\/strong><\/em><\/p>\n<p><em><strong>&#8211; &nbsp;Pour les femmes mari\u00e9es :<\/strong> Pages du mariage.<\/em><\/p>\n<p><strong style=\"font-style: italic;\">&#8211; &nbsp;P<\/strong><b><i>our les enfants mineurs :&nbsp;<\/i><\/b><i>pages des parents + page de l\u2019enfant concern\u00e9.<\/i><\/td>\n<td width=\"302\"><em><strong>PHOTOCOPIE DU LIVRET DE FAMILLE&nbsp;:<\/strong><\/em><\/p>\n<p><em><strong>&#8211; &nbsp;Pour les femmes mari\u00e9es :<\/strong> Pages du mariage.<\/em><\/p>\n<p><strong><i>Pour les enfants mineurs :&nbsp;<\/i><\/strong><i>pages des parents + page de l\u2019enfant concern\u00e9.<\/i><\/p>\n<p>&nbsp;<\/td>\n<\/tr>\n<tr>\n<td width=\"302\"><em>1 Photo (Le front et les oreilles d\u00e9gag\u00e9s, la bouche ferm\u00e9e, sans lunettes, sur un fond uniforme) &#8211; Ne pas la d\u00e9couper.<\/em><\/td>\n<td width=\"302\"><em>1 Photo (Le front et les oreilles d\u00e9gag\u00e9s, la bouche ferm\u00e9e, sans lunettes, sur un fond uniforme) &#8211; Ne pas la d\u00e9couper.<\/em><\/td>\n<\/tr>\n<tr>\n<td width=\"302\"><strong><em>1 JUSTIFICATIF DE DOMICILE&nbsp;: (DAT\u00c9 DE MOINS DE 1 AN)<\/em><\/strong><\/p>\n<p><em>&#8211;&nbsp;&nbsp;<strong>SI VOUS AVEZ UN JUSTIFICATIF DE DOMICILE \u00c0 VOTRE NOM&nbsp;: <\/strong><\/em><\/p>\n<p><i>\u00e9ch\u00e9ancier gaz ou \u00e9lectricit\u00e9, t\u00e9l\u00e9phone fixe, quittance de loyer (non manuscrite), titre de propri\u00e9t\u00e9, attestation d\u2019assurance logement, avis d\u2019imposition\u2026<\/i><\/p>\n<p><em style=\"font-size: 20px;\"><strong>&#8211; &nbsp;SI VOUS HABITEZ CHEZ QUELQU\u2019UN&nbsp;:<\/strong><\/em><\/p>\n<p><em>La personne chez qui vous habitez doit fournir :<\/em><\/p>\n<p><em>L&rsquo;original de sa carte d&rsquo;identit\u00e9 qui sera scann\u00e9, une lettre certifiant que vous habitez chez elle depuis plus de 3 mois et un justificatif de domicile \u00e0 son nom.<\/em><\/td>\n<td width=\"302\"><strong><em>1 JUSTIFICATIF DE DOMICILE&nbsp;: (DAT\u00c9 DE MOINS DE 1 AN)<\/em><\/strong><\/p>\n<p><em>&#8211; &nbsp; <strong>SI VOUS AVEZ UN JUSTIFICATIF DE DOMICILE \u00c0 VOTRE NOM&nbsp;: <\/strong><\/em><\/p>\n<p><i>\u00e9ch\u00e9ancier gaz ou \u00e9lectricit\u00e9, t\u00e9l\u00e9phone fixe, quittance de loyer (non manuscrite), titre de propri\u00e9t\u00e9, attestation d\u2019assurance logement, avis d\u2019imposition\u2026<\/i><\/p>\n<p><em style=\"font-size: 20px;\"><strong>&#8211; SI VOUS HABITEZ CHEZ QUELQU\u2019UN&nbsp;:<\/strong><\/em><\/p>\n<p><em>La personne chez qui vous habitez doit fournir :<\/em><\/p>\n<p><em>L&rsquo;original de sa carte d&rsquo;identit\u00e9 qui sera scann\u00e9, une lettre certifiant que vous habitez chez elle depuis plus de 3 mois et un justificatif de domicile \u00e0 son nom.<\/em><\/td>\n<\/tr>\n<\/tbody>\n<\/table>\n<p><em><strong>POUR LES ENFANTS: <\/strong><\/em><\/p>\n<p><em>Nous fournir une photocopie de la carte d&rsquo;identit\u00e9 du parent accompagnant ainsi que la photocopie du livret de famille, pr\u00e9senter l&rsquo;original, et remplir sur la page 3 du dossier de demande de cni \/ passeport, l&rsquo;autorisation parentale.<\/em><\/p>\n<p><span style=\"font-size: 20px;\"><em><strong>POUR LES ENFANTS MINEURS EN CAS DE DIVORCE:&nbsp;<\/strong><\/em><\/span><\/p>\n<p><em>Nous fournir le jugement de divorce (en entier), et remplir sur la page 3 du dossier de demande de cni \/ passeport, l&rsquo;autorisation parentale. copie plus original de la pi\u00e8ce d&rsquo;identit\u00e9 du parent accompagnant. en cas de garde altern\u00e9e, faire remplir une autre autorisation parentale par l&rsquo;autre parent et joindre la photocopie de sa pi\u00e8ce d&rsquo;identit\u00e9 et un justificatif de domicile \u00e0 son nom.<\/em><\/p>\n<p style=\"text-align: center;\"><span style=\"font-size: 20px;\"><em><span style=\"color: #ff0000;\"><strong>PR\u00c9SENCE OBLIGATOIRE DE L&rsquo;ENFANT LORS DU D\u00c9P\u00d4T DU DOSSIER AINSI QUE DU REPR\u00c9SENTANT L\u00c9GAL.<\/strong><\/span><\/em><\/span><\/p>\n<p><em><b>article publi\u00e9 le 23\/03\/2017<\/b><\/em><\/p>\n","protected":false},"excerpt":{"rendered":"<p>Se renseigner en mairie de Montreuil-sur-mer ou cr\u00e9er votre dossier en ligne avec possibilit\u00e9 d&rsquo;acheter directement les timbres fiscaux : PR\u00c9-DEMANDE DE CNI FAITES UN CLIC ICI :&nbsp; PR\u00c9-DEMANDE DE PASSEPORT FAITES UN CLIC ICI :&nbsp; (ne pas oublier d&rsquo;imprimer ce dossier ou de noter la r\u00e9f\u00e9rence qui vous sera demand\u00e9e lors de votre rendez-vous [&hellip;]<\/p>\n","protected":false},"author":1,"featured_media":0,"parent":0,"menu_order":0,"comment_status":"closed","ping_status":"closed","template":"","meta":{"ngg_post_thumbnail":0,"footnotes":""},"class_list":["post-1483","page","type-page","status-publish","hentry"],"_links":{"self":[{"href":"https:\/\/www.attin-mairie.fr\/index.php?rest_route=\/wp\/v2\/pages\/1483","targetHints":{"allow":["GET"]}}],"collection":[{"href":"https:\/\/www.attin-mairie.fr\/index.php?rest_route=\/wp\/v2\/pages"}],"about":[{"href":"https:\/\/www.attin-mairie.fr\/index.php?rest_route=\/wp\/v2\/types\/page"}],"author":[{"embeddable":true,"href":"https:\/\/www.attin-mairie.fr\/index.php?rest_route=\/wp\/v2\/users\/1"}],"replies":[{"embeddable":true,"href":"https:\/\/www.attin-mairie.fr\/index.php?rest_route=%2Fwp%2Fv2%2Fcomments&post=1483"}],"version-history":[{"count":7,"href":"https:\/\/www.attin-mairie.fr\/index.php?rest_route=\/wp\/v2\/pages\/1483\/revisions"}],"predecessor-version":[{"id":2158,"href":"https:\/\/www.attin-mairie.fr\/index.php?rest_route=\/wp\/v2\/pages\/1483\/revisions\/2158"}],"wp:attachment":[{"href":"https:\/\/www.attin-mairie.fr\/index.php?rest_route=%2Fwp%2Fv2%2Fmedia&parent=1483"}],"curies":[{"name":"wp","href":"https:\/\/api.w.org\/{rel}","templated":true}]}}